{"id":16942,"date":"2020-08-26T13:28:00","date_gmt":"2020-08-26T12:28:00","guid":{"rendered":"http:\/\/www.gannahall.de\/?page_id=16942"},"modified":"2022-04-01T13:39:34","modified_gmt":"2022-04-01T12:39:34","slug":"kulturerbe","status":"publish","type":"page","link":"https:\/\/www.tiuwari.de\/index.php\/kulturerbe\/","title":{"rendered":"KultURerbe"},"content":{"rendered":"<p>[fusion_builder_container hundred_percent=&#8220;no&#8220; equal_height_columns=&#8220;no&#8220; menu_anchor=&#8220;&#8220; hide_on_mobile=&#8220;small-visibility,medium-visibility,large-visibility&#8220; class=&#8220;&#8220; id=&#8220;&#8220; background_color=&#8220;&#8220; background_image=&#8220;&#8220; background_position=&#8220;center center&#8220; background_repeat=&#8220;no-repeat&#8220; fade=&#8220;no&#8220; background_parallax=&#8220;none&#8220; parallax_speed=&#8220;0.3&#8243; video_mp4=&#8220;&#8220; video_webm=&#8220;&#8220; video_ogv=&#8220;&#8220; video_url=&#8220;&#8220; video_aspect_ratio=&#8220;16:9&#8243; video_loop=&#8220;yes&#8220; video_mute=&#8220;yes&#8220; overlay_color=&#8220;&#8220; video_preview_image=&#8220;&#8220; border_size=&#8220;&#8220; border_color=&#8220;&#8220; border_style=&#8220;solid&#8220; padding_top=&#8220;&#8220; padding_bottom=&#8220;&#8220; padding_left=&#8220;&#8220; padding_right=&#8220;&#8220; admin_toggled=&#8220;no&#8220;][fusion_builder_row][fusion_builder_column type=&#8220;1_1&#8243; layout=&#8220;1_1&#8243; background_position=&#8220;left top&#8220; background_color=&#8220;&#8220; border_size=&#8220;&#8220; border_color=&#8220;&#8220; border_style=&#8220;solid&#8220; border_position=&#8220;all&#8220; spacing=&#8220;yes&#8220; background_image=&#8220;&#8220; background_repeat=&#8220;no-repeat&#8220; padding_top=&#8220;&#8220; padding_right=&#8220;&#8220; padding_bottom=&#8220;&#8220; padding_left=&#8220;&#8220; margin_top=&#8220;0px&#8220; margin_bottom=&#8220;0px&#8220; class=&#8220;&#8220; id=&#8220;&#8220; animation_type=&#8220;&#8220; animation_speed=&#8220;0.3&#8243; animation_direction=&#8220;left&#8220; hide_on_mobile=&#8220;small-visibility,medium-visibility,large-visibility&#8220; center_content=&#8220;no&#8220; last=&#8220;no&#8220; min_height=&#8220;&#8220; hover_type=&#8220;none&#8220; link=&#8220;&#8220;][fusion_imageframe image_id=&#8220;16990|800&#8243; max_width=&#8220;&#8220; style_type=&#8220;glow&#8220; blur=&#8220;&#8220; stylecolor=&#8220;&#8220; hover_type=&#8220;none&#8220; bordersize=&#8220;2&#8243; bordercolor=&#8220;&#8220; borderradius=&#8220;&#8220; align=&#8220;center&#8220; lightbox=&#8220;no&#8220; gallery_id=&#8220;&#8220; lightbox_image=&#8220;&#8220; lightbox_image_id=&#8220;&#8220; alt=&#8220;&#8220; link=&#8220;&#8220; linktarget=&#8220;_self&#8220; hide_on_mobile=&#8220;small-visibility,medium-visibility,large-visibility&#8220; class=&#8220;&#8220; id=&#8220;&#8220; animation_type=&#8220;&#8220; animation_direction=&#8220;left&#8220; animation_speed=&#8220;0.3&#8243; animation_offset=&#8220;&#8220;]http:\/\/www.gannahall.de\/wp-content\/uploads\/2020\/11\/flyer-R\u00fcck-Mittel-800&#215;540.jpg[\/fusion_imageframe][fusion_separator style_type=&#8220;default&#8220; hide_on_mobile=&#8220;small-visibility,medium-visibility,large-visibility&#8220; class=&#8220;&#8220; id=&#8220;&#8220; sep_color=&#8220;&#8220; top_margin=&#8220;&#8220; bottom_margin=&#8220;&#8220; border_size=&#8220;&#8220; icon=&#8220;&#8220; icon_circle=&#8220;&#8220; icon_circle_color=&#8220;&#8220; width=&#8220;&#8220; alignment=&#8220;center&#8220; \/][fusion_text columns=&#8220;&#8220; column_min_width=&#8220;&#8220; column_spacing=&#8220;&#8220; rule_style=&#8220;default&#8220; rule_size=&#8220;&#8220; rule_color=&#8220;&#8220; hide_on_mobile=&#8220;small-visibility,medium-visibility,large-visibility&#8220; class=&#8220;&#8220; id=&#8220;&#8220;]<\/p>\n<p style=\"text-align: center;\">&#8230;<\/p>\n<p style=\"text-align: center;\"><span style=\"font-family: Arial, sans-serif;\"><span style=\"font-size: medium;\"><strong>Willkommen auf der Netzpr\u00e4senz von &#8218;KultURerbe \u2013 Historische Veranstaltungen&#8216;<\/strong> <\/span><\/span><\/p>\n<p>Sie planen eine Veranstaltung und suchen daf\u00fcr einen alternativen Rahmen, vielleicht ein historisches havell\u00e4ndisches Dorf vom Beginn unserer Zeitrechnung?<br \/>\nVielleicht m\u00f6chten Sie aber auch Ihr Seminar gerne einmal in einem germanischen Langhaus oder Ihren Workshop zur Abwechslung auf der gr\u00fcnen Wiese abhalten?<\/p>\n<p>Dann sind Sie bei uns im historischen Dorf Gannahall genau richtig!<\/p>\n<p>Wir bieten sowohl ein umfangreiches, dennoch idyllisches Gel\u00e4nde, als auch, wenn gew\u00fcnscht, das ben\u00f6tigte Drumherum, sowie teilweises oder vollumf\u00e4ngliches Programm.<br \/>\nAngebotsbausteine wie beispielsweise T\u00f6pfern, Schmieden, Bogenschie\u00dfen oder ein Training im historischen Schwertfechten k\u00f6nnen auf Wunsch in Ihre Veranstaltung eingef\u00fcgt werden.<br \/>\nMit etwas Planungsvorlauf erstellen wir Ihnen gerne auch eine komplette Veranstaltung, themantisch passend zum Anlass.<\/p>\n<p>Kontaktieren Sie uns, wir k\u00fcmmern uns um Ihr Event!<\/p>\n<p>Mail: <a href=\"mailto:kulturerbe.gannahall@gmail.com\">kulturerbe.gannahall@gmail.com<\/a><br \/>\nTel.: 0163 4017982<\/p>\n<p>[\/fusion_text][fusion_separator style_type=&#8220;default&#8220; hide_on_mobile=&#8220;small-visibility,medium-visibility,large-visibility&#8220; class=&#8220;&#8220; id=&#8220;&#8220; sep_color=&#8220;&#8220; top_margin=&#8220;&#8220; bottom_margin=&#8220;&#8220; border_size=&#8220;&#8220; icon=&#8220;&#8220; icon_circle=&#8220;&#8220; icon_circle_color=&#8220;&#8220; width=&#8220;&#8220; alignment=&#8220;center&#8220; \/][fusion_text columns=&#8220;&#8220; column_min_width=&#8220;&#8220; column_spacing=&#8220;&#8220; rule_style=&#8220;default&#8220; rule_size=&#8220;&#8220; rule_color=&#8220;&#8220; hide_on_mobile=&#8220;small-visibility,medium-visibility,large-visibility&#8220; class=&#8220;&#8220; id=&#8220;&#8220;]<\/p>\n<h1 style=\"text-align: center;\">Die aktuelle Angebote f\u00fcr 2022<\/h1>\n<p>[\/fusion_text][fusion_button link=&#8220;http:\/\/www.gannahall.de\/index.php\/angebot\/&#8220; text_transform=&#8220;&#8220; title=&#8220;&#8220; target=&#8220;_self&#8220; link_attributes=&#8220;&#8220; alignment=&#8220;&#8220; modal=&#8220;&#8220; hide_on_mobile=&#8220;small-visibility,medium-visibility,large-visibility&#8220; class=&#8220;&#8220; id=&#8220;&#8220; color=&#8220;default&#8220; button_gradient_top_color=&#8220;&#8220; button_gradient_bottom_color=&#8220;&#8220; button_gradient_top_color_hover=&#8220;&#8220; button_gradient_bottom_color_hover=&#8220;&#8220; accent_color=&#8220;&#8220; accent_hover_color=&#8220;&#8220; type=&#8220;&#8220; bevel_color=&#8220;&#8220; border_width=&#8220;&#8220; size=&#8220;&#8220; stretch=&#8220;default&#8220; shape=&#8220;&#8220; icon=&#8220;&#8220; icon_position=&#8220;left&#8220; icon_divider=&#8220;no&#8220; animation_type=&#8220;slide&#8220; animation_direction=&#8220;left&#8220; animation_speed=&#8220;0.3&#8243; animation_offset=&#8220;&#8220;]Angebote &amp; M\u00f6glichkeiten[\/fusion_button][fusion_separator style_type=&#8220;default&#8220; hide_on_mobile=&#8220;small-visibility,medium-visibility,large-visibility&#8220; class=&#8220;&#8220; id=&#8220;&#8220; sep_color=&#8220;&#8220; top_margin=&#8220;&#8220; bottom_margin=&#8220;&#8220; border_size=&#8220;&#8220; icon=&#8220;&#8220; icon_circle=&#8220;&#8220; icon_circle_color=&#8220;&#8220; width=&#8220;&#8220; alignment=&#8220;center&#8220; \/][fusion_separator style_type=&#8220;default&#8220; hide_on_mobile=&#8220;small-visibility,medium-visibility,large-visibility&#8220; class=&#8220;&#8220; id=&#8220;&#8220; sep_color=&#8220;&#8220; top_margin=&#8220;&#8220; bottom_margin=&#8220;&#8220; border_size=&#8220;&#8220; icon=&#8220;&#8220; icon_circle=&#8220;&#8220; icon_circle_color=&#8220;&#8220; width=&#8220;&#8220; alignment=&#8220;center&#8220; \/][fusion_youtube id=&#8220;https:\/\/youtu.be\/YcHaX3j3f1Q &#8220; alignment=&#8220;center&#8220; width=&#8220;&#8220; height=&#8220;&#8220; autoplay=&#8220;true&#8220; api_params=&#8220;&#8220; hide_on_mobile=&#8220;small-visibility,medium-visibility,large-visibility&#8220; class=&#8220;&#8220; css_id=&#8220;&#8220; \/][\/fusion_builder_column][\/fusion_builder_row][\/fusion_builder_container]<\/p>\n","protected":false},"excerpt":{"rendered":"<p>[fusion_builder_container hundred_percent=&#8220;no&#8220; equal_height_columns=&#8220;no&#8220; menu_anchor=&#8220;&#8220; hide_on_mobile=&#8220;small-visibility,medium-visibility,large-visibility&#8220; class=&#8220;&#8220; id=&#8220;&#8220; background_color=&#8220;&#8220; background_image=&#8220;&#8220; background_position=&#8220;center center&#8220; background_repeat=&#8220;no-repeat&#8220; fade=&#8220;no&#8220; background_parallax=&#8220;none&#8220; parallax_speed=&#8220;0.3&#8243; video_mp4=&#8220;&#8220; video_webm=&#8220;&#8220; video_ogv=&#8220;&#8220; video_url=&#8220;&#8220; video_aspect_ratio=&#8220;16:9&#8243; video_loop=&#8220;yes&#8220; video_mute=&#8220;yes&#8220; overlay_color=&#8220;&#8220; video_preview_image=&#8220;&#8220; border_size=&#8220;&#8220; border_color=&#8220;&#8220; border_style=&#8220;solid&#8220; padding_top=&#8220;&#8220; padding_bottom=&#8220;&#8220; padding_left=&#8220;&#8220; padding_right=&#8220;&#8220; admin_toggled=&#8220;no&#8220;][fusion_builder_row][fusion_builder_column type=&#8220;1_1&#8243; layout=&#8220;1_1&#8243; background_position=&#8220;left top&#8220; background_color=&#8220;&#8220; border_size=&#8220;&#8220; border_color=&#8220;&#8220; border_style=&#8220;solid&#8220; border_position=&#8220;all&#8220; spacing=&#8220;yes&#8220; background_image=&#8220;&#8220; background_repeat=&#8220;no-repeat&#8220; padding_top=&#8220;&#8220; padding_right=&#8220;&#8220; padding_bottom=&#8220;&#8220; padding_left=&#8220;&#8220; margin_top=&#8220;0px&#8220; margin_bottom=&#8220;0px&#8220; class=&#8220;&#8220; id=&#8220;&#8220; animation_type=&#8220;&#8220; animation_speed=&#8220;0.3&#8243; animation_direction=&#8220;left&#8220; hide_on_mobile=&#8220;small-visibility,medium-visibility,large-visibility&#8220; center_content=&#8220;no&#8220; last=&#8220;no&#8220; min_height=&#8220;&#8220; hover_type=&#8220;none&#8220; link=&#8220;&#8220;][fusion_imageframe image_id=&#8220;16990|800&#8243; max_width=&#8220;&#8220; style_type=&#8220;glow&#8220; blur=&#8220;&#8220; stylecolor=&#8220;&#8220; hover_type=&#8220;none&#8220; bordersize=&#8220;2&#8243; bordercolor=&#8220;&#8220; borderradius=&#8220;&#8220; align=&#8220;center&#8220; lightbox=&#8220;no&#8220; gallery_id=&#8220;&#8220; lightbox_image=&#8220;&#8220; lightbox_image_id=&#8220;&#8220; alt=&#8220;&#8220; link=&#8220;&#8220; linktarget=&#8220;_self&#8220; hide_on_mobile=&#8220;small-visibility,medium-visibility,large-visibility&#8220; class=&#8220;&#8220; id=&#8220;&#8220; animation_type=&#8220;&#8220; animation_direction=&#8220;left&#8220; animation_speed=&#8220;0.3&#8243; animation_offset=&#8220;&#8220;]http:\/\/www.gannahall.de\/wp-content\/uploads\/2020\/11\/flyer-R\u00fcck-Mittel-800&#215;540.jpg[\/fusion_imageframe][fusion_separator style_type=&#8220;default&#8220; hide_on_mobile=&#8220;small-visibility,medium-visibility,large-visibility&#8220; class=&#8220;&#8220; id=&#8220;&#8220; sep_color=&#8220;&#8220; top_margin=&#8220;&#8220; bottom_margin=&#8220;&#8220; border_size=&#8220;&#8220; icon=&#8220;&#8220; icon_circle=&#8220;&#8220; icon_circle_color=&#8220;&#8220; width=&#8220;&#8220; alignment=&#8220;center&#8220; \/][fusion_text columns=&#8220;&#8220; [&hellip;]<\/p>\n","protected":false},"author":2,"featured_media":0,"parent":0,"menu_order":0,"comment_status":"closed","ping_status":"closed","template":"","meta":[],"_links":{"self":[{"href":"https:\/\/www.tiuwari.de\/index.php\/wp-json\/wp\/v2\/pages\/16942"}],"collection":[{"href":"https:\/\/www.tiuwari.de\/index.php\/wp-json\/wp\/v2\/pages"}],"about":[{"href":"https:\/\/www.tiuwari.de\/index.php\/wp-json\/wp\/v2\/types\/page"}],"author":[{"embeddable":true,"href":"https:\/\/www.tiuwari.de\/index.php\/wp-json\/wp\/v2\/users\/2"}],"replies":[{"embeddable":true,"href":"https:\/\/www.tiuwari.de\/index.php\/wp-json\/wp\/v2\/comments?post=16942"}],"version-history":[{"count":25,"href":"https:\/\/www.tiuwari.de\/index.php\/wp-json\/wp\/v2\/pages\/16942\/revisions"}],"predecessor-version":[{"id":17523,"href":"https:\/\/www.tiuwari.de\/index.php\/wp-json\/wp\/v2\/pages\/16942\/revisions\/17523"}],"wp:attachment":[{"href":"https:\/\/www.tiuwari.de\/index.php\/wp-json\/wp\/v2\/media?parent=16942"}],"curies":[{"name":"wp","href":"https:\/\/api.w.org\/{rel}","templated":true}]}}