{"id":12082,"date":"2017-03-15T15:11:46","date_gmt":"2017-03-15T14:11:46","guid":{"rendered":"http:\/\/test.semnonenbund.de\/?page_id=12082"},"modified":"2019-07-19T12:55:29","modified_gmt":"2019-07-19T11:55:29","slug":"gannahall","status":"publish","type":"page","link":"https:\/\/www.tiuwari.de\/index.php\/gannahall\/","title":{"rendered":"Gannahall"},"content":{"rendered":"<p>[fusion_builder_container hundred_percent=&#8220;no&#8220; equal_height_columns=&#8220;no&#8220; hide_on_mobile=&#8220;small-visibility,medium-visibility,large-visibility&#8220; background_position=&#8220;center center&#8220; background_repeat=&#8220;no-repeat&#8220; fade=&#8220;no&#8220; background_parallax=&#8220;none&#8220; parallax_speed=&#8220;0.3&#8243; video_aspect_ratio=&#8220;16:9&#8243; video_loop=&#8220;yes&#8220; video_mute=&#8220;yes&#8220; border_style=&#8220;solid&#8220;][fusion_builder_row][fusion_builder_column type=&#8220;1_1&#8243; layout=&#8220;1_1&#8243; background_position=&#8220;left top&#8220; background_color=&#8220;&#8220; border_size=&#8220;&#8220; border_color=&#8220;&#8220; border_style=&#8220;solid&#8220; border_position=&#8220;all&#8220; spacing=&#8220;yes&#8220; background_image=&#8220;&#8220; background_repeat=&#8220;no-repeat&#8220; padding_top=&#8220;&#8220; padding_right=&#8220;&#8220; padding_bottom=&#8220;&#8220; padding_left=&#8220;&#8220; margin_top=&#8220;0px&#8220; margin_bottom=&#8220;0px&#8220; class=&#8220;&#8220; id=&#8220;&#8220; animation_type=&#8220;&#8220; animation_speed=&#8220;0.3&#8243; animation_direction=&#8220;left&#8220; hide_on_mobile=&#8220;small-visibility,medium-visibility,large-visibility&#8220; center_content=&#8220;no&#8220; last=&#8220;no&#8220; min_height=&#8220;&#8220; hover_type=&#8220;none&#8220; link=&#8220;&#8220;][fusion_imageframe image_id=&#8220;15912|full&#8220; max_width=&#8220;&#8220; style_type=&#8220;none&#8220; blur=&#8220;&#8220; stylecolor=&#8220;&#8220; hover_type=&#8220;none&#8220; bordersize=&#8220;&#8220; bordercolor=&#8220;&#8220; borderradius=&#8220;&#8220; align=&#8220;center&#8220; lightbox=&#8220;no&#8220; gallery_id=&#8220;&#8220; lightbox_image=&#8220;&#8220; lightbox_image_id=&#8220;&#8220; alt=&#8220;&#8220; link=&#8220;&#8220; linktarget=&#8220;_self&#8220; hide_on_mobile=&#8220;small-visibility,medium-visibility,large-visibility&#8220; class=&#8220;&#8220; id=&#8220;&#8220; animation_type=&#8220;&#8220; animation_direction=&#8220;left&#8220; animation_speed=&#8220;0.3&#8243; animation_offset=&#8220;&#8220;]http:\/\/www.gannahall.de\/wp-content\/uploads\/2019\/07\/Banner-GANNAHALL-HP.png[\/fusion_imageframe][fusion_text columns=&#8220;&#8220; column_min_width=&#8220;&#8220; column_spacing=&#8220;&#8220; rule_style=&#8220;default&#8220; rule_size=&#8220;&#8220; rule_color=&#8220;&#8220; hide_on_mobile=&#8220;small-visibility,medium-visibility,large-visibility&#8220; class=&#8220;&#8220; id=&#8220;&#8220;]<\/p>\n<h1 id=\"Eine-Br\u00fccke-in-die-Vergangenh\" style=\"text-align: center;\">Eine Br\u00fccke in die Vergangenheit<\/h1>\n<p>[\/fusion_text][fusion_imageframe image_id=&#8220;14717&#8243; max_width=&#8220;&#8220; style_type=&#8220;glow&#8220; stylecolor=&#8220;&#8220; hover_type=&#8220;none&#8220; bordersize=&#8220;3&#8243; bordercolor=&#8220;&#8220; borderradius=&#8220;&#8220; align=&#8220;center&#8220; lightbox=&#8220;no&#8220; gallery_id=&#8220;&#8220; lightbox_image=&#8220;&#8220; alt=&#8220;&#8220; link=&#8220;&#8220; linktarget=&#8220;_self&#8220; hide_on_mobile=&#8220;small-visibility,medium-visibility,large-visibility&#8220; class=&#8220;&#8220; id=&#8220;&#8220; animation_type=&#8220;&#8220; animation_direction=&#8220;left&#8220; animation_speed=&#8220;0.3&#8243; animation_offset=&#8220;&#8220;]http:\/\/www.gannahall.de\/wp-content\/uploads\/2018\/06\/Glueck_ueber_Gannahall-1024&#215;576.jpg[\/fusion_imageframe][fusion_text columns=&#8220;&#8220; column_min_width=&#8220;&#8220; column_spacing=&#8220;&#8220; rule_style=&#8220;default&#8220; rule_size=&#8220;&#8220; rule_color=&#8220;&#8220; class=&#8220;&#8220; id=&#8220;&#8220;]<\/p>\n<h2 id=\"Eine-Br\u00fccke-in-die-Vergangenh\"><\/h2>\n<p>Das Havelland, am Rande Berlins, mitten in der sch\u00f6nen Mark Brandenburg im Osten Deutschlands gelegen\u2026wer kann schon etwas \u00fcber seine Geschichte erz\u00e4hlen, etwas das weiter zur\u00fcck geht als die Erinnerungen an die ehemalige DDR oder das was die Gro\u00dfeltern aus ihrer Jugend zu berichten wussten?<br \/>\nManchen f\u00e4llt Fontane ein, der Birnbaum zu Ribbeck, eventuell erw\u00e4hnt noch jemand die Quitzows und besonders Geschichtsinteressierte werden Albrecht den B\u00e4ren erw\u00e4hnen, die Askanier und die sogenannten Slawen.<br \/>\nDoch die wenigsten wissen, dass hier schon vor 2000 Jahren, also rund 1000 Jahre vor Albrecht dem B\u00e4ren, gro\u00dfe Geschichte geschrieben wurde\u2026Europ\u00e4ische Geschichte.<\/p>\n<p>In der Antike, zu Beginn unserer Zeitrechnung, das r\u00f6mische Imperium befand sich auf dem H\u00f6hepunkt seiner Macht, war das heutige Ostdeutschland vom altehrw\u00fcrdigen und m\u00e4chtigen Volk der Semnonen und deren verwandten St\u00e4mmen besiedelt.<br \/>\nGut eintausend Jahre waren die Semnonen die unumstrittenen Herren zwischen Elbe und Oder, von der Ostseek\u00fcste bis zu den Mittelgebirgen. \u00dcber Jahrhunderte hinweg war dies das \u201eheilige Land\u201c aller semnonischen Abk\u00f6mmlinge, Sueben genannt, egal ob sie dem Volk der Hermunduren, Markomannen, Quaden oder Allamannen angeh\u00f6rten.<br \/>\nDiese und weitere germanische St\u00e4mme werden heute von Historikern und Arch\u00e4ologen als sogenannte \u201eElbgermanen\u201c bezeichnet. Sie alle eint vor allem eines, die gemeinsame Herkunft aus dem Scho\u00dfe der Semnonen\u2026und ihr Einflu\u00df auf die Geschichte Europas.<\/p>\n<p>Vor allem der Arch\u00e4ologie ist es zu verdanken, dass es Historikern heutzutage m\u00f6glich ist die sp\u00e4rlichen antiken Quellen zu unseren Vorfahren zu \u00fcberpr\u00fcfen, mit Fakten zu erg\u00e4nzen und ein v\u00f6llig neues Bild unserer havell\u00e4ndischen, brandenburgischen und ostdeutschen Geschichte zu zeichnen. Ein Bild, welches mit fortschreitendem Forschungsstand immer gr\u00f6\u00dfer und bunter, immer opulenter wird.<br \/>\nWenn Tacitus einst schrieb, die Semnonen h\u00e4tten \u201ehundert Gaue\u201c bewohnt, dann mag dies \u00fcbertrieben klingen\u2026die Spatenforschung jedoch gab ihm schlie\u00dflich recht, das Havelland war schon vor 2000 Jahren \u00e4hnlich dicht besiedelt wie heute.<br \/>\nDies \u00e4nderte sich erst im 3. &#8211; 4. Jahrhundert unserer Zeitrechnung, als die hohe Zeit der Semnonen nach fast 1000 Jahren Herrschaft endete.<\/p>\n<p>Auch ihr Andenken verblasste immer mehr und wieder verdanken wir es den Aufzeichnungen eines antiken Schriftstellers, Cassius Dio n\u00e4mlich, der in seiner \u201eHistoria Romana\u201c den \u201eehrenvollen Empfang\u201c zweier semnonischer W\u00fcrdentr\u00e4ger durch den amtierenden r\u00f6mischen Kaiser Domitian f\u00fcr die Nachwelt festhielt.<\/p>\n<p>Diese W\u00fcrdentr\u00e4ger waren \u201eK\u00f6nig Masyos\u201c und die \u201eSeherin Ganna\u201c, welche die weltliche und spirituelle F\u00fchrung ihres Volkes repr\u00e4sentierten.<br \/>\nAuf die Bedeutung dieses Besuches, der Konstellation dieser Delegation und vieles mehr, wird an anderer Stelle noch eingegangen werden.<\/p>\n<p>Dieser Seherin oder Priesterin GANNA jedenfalls, die von den ihren als heilige Frau verehrt wurde und stellvertretend die dem Mann ebenb\u00fcrtige Frau repr\u00e4sentiert, ist unser Projekt \u201eHistorisches Dorf GANNAHALL\u201c gewidmet.<\/p>\n<p>[\/fusion_text][fusion_imageframe image_id=&#8220;12152&#8243; style_type=&#8220;none&#8220; hover_type=&#8220;none&#8220; align=&#8220;center&#8220; lightbox=&#8220;no&#8220; linktarget=&#8220;_self&#8220; hide_on_mobile=&#8220;small-visibility,medium-visibility,large-visibility&#8220; animation_direction=&#8220;left&#8220; animation_speed=&#8220;0.3&#8243;]http:\/\/www.gannahall.de\/wp-content\/uploads\/Logo-Semnonenbund\/Ganna-SB-Baum1-e1497179410540.jpg[\/fusion_imageframe][fusion_text columns=&#8220;&#8220; column_min_width=&#8220;&#8220; column_spacing=&#8220;&#8220; rule_style=&#8220;default&#8220; rule_size=&#8220;&#8220; rule_color=&#8220;&#8220; hide_on_mobile=&#8220;small-visibility,medium-visibility,large-visibility&#8220; class=&#8220;&#8220; id=&#8220;&#8220;]<\/p>\n<p style=\"text-align: center;\">&#8230;<\/p>\n<p>[\/fusion_text][\/fusion_builder_column][fusion_builder_column type=&#8220;1_1&#8243; layout=&#8220;1_1&#8243; background_position=&#8220;left top&#8220; background_color=&#8220;&#8220; border_size=&#8220;&#8220; border_color=&#8220;&#8220; border_style=&#8220;solid&#8220; border_position=&#8220;all&#8220; spacing=&#8220;yes&#8220; background_image=&#8220;&#8220; background_repeat=&#8220;no-repeat&#8220; padding_top=&#8220;&#8220; padding_right=&#8220;&#8220; padding_bottom=&#8220;&#8220; padding_left=&#8220;&#8220; margin_top=&#8220;0px&#8220; margin_bottom=&#8220;0px&#8220; class=&#8220;&#8220; id=&#8220;&#8220; animation_type=&#8220;&#8220; animation_speed=&#8220;0.3&#8243; animation_direction=&#8220;left&#8220; hide_on_mobile=&#8220;small-visibility,medium-visibility,large-visibility&#8220; center_content=&#8220;no&#8220; last=&#8220;no&#8220; min_height=&#8220;&#8220; hover_type=&#8220;none&#8220; link=&#8220;&#8220; element_content=&#8220;&#8220;][fusion_text columns=&#8220;&#8220; column_min_width=&#8220;&#8220; column_spacing=&#8220;&#8220; rule_style=&#8220;default&#8220; rule_size=&#8220;&#8220; rule_color=&#8220;&#8220; hide_on_mobile=&#8220;small-visibility,medium-visibility,large-visibility&#8220; class=&#8220;&#8220; id=&#8220;&#8220;]<\/p>\n<h1 style=\"text-align: center;\"><a href=\"http:\/\/www.gannahall.de\/index.php\/galerie\/arbeitseinsatze\/\">Die Galerien <\/a><\/h1>\n<p style=\"text-align: center;\"><a href=\"http:\/\/www.gannahall.de\/index.php\/galerie\/arbeitseinsatze\/\">mit den Arbeiten und den Fortschritten an unserem Projekt finden Sie<\/a><br \/>\n<a href=\"http:\/\/www.gannahall.de\/index.php\/galerie\/arbeitseinsatze\/\"><strong>hier.<\/strong><\/a><\/p>\n<p>[\/fusion_text][fusion_text columns=&#8220;&#8220; column_min_width=&#8220;&#8220; column_spacing=&#8220;&#8220; rule_style=&#8220;default&#8220; rule_size=&#8220;&#8220; rule_color=&#8220;&#8220; hide_on_mobile=&#8220;small-visibility,medium-visibility,large-visibility&#8220; class=&#8220;&#8220; id=&#8220;&#8220;]<\/p>\n<p style=\"text-align: center;\">&#8230;<\/p>\n<p>[\/fusion_text][\/fusion_builder_column][fusion_builder_column type=&#8220;1_1&#8243; layout=&#8220;1_1&#8243; spacing=&#8220;&#8220; center_content=&#8220;no&#8220; hover_type=&#8220;none&#8220; link=&#8220;&#8220; min_height=&#8220;&#8220; hide_on_mobile=&#8220;small-visibility,medium-visibility,large-visibility&#8220; class=&#8220;&#8220; id=&#8220;&#8220; background_color=&#8220;&#8220; background_image=&#8220;&#8220; background_position=&#8220;left top&#8220; background_repeat=&#8220;no-repeat&#8220; border_size=&#8220;0&#8243; border_color=&#8220;&#8220; border_style=&#8220;solid&#8220; border_position=&#8220;all&#8220; padding_top=&#8220;&#8220; padding_right=&#8220;&#8220; padding_bottom=&#8220;&#8220; padding_left=&#8220;&#8220; margin_top=&#8220;&#8220; margin_bottom=&#8220;&#8220; animation_type=&#8220;&#8220; animation_direction=&#8220;left&#8220; animation_speed=&#8220;0.3&#8243; animation_offset=&#8220;&#8220; last=&#8220;no&#8220; element_content=&#8220;&#8220;][fusion_imageframe image_id=&#8220;15919|large&#8220; max_width=&#8220;&#8220; style_type=&#8220;glow&#8220; blur=&#8220;&#8220; stylecolor=&#8220;&#8220; hover_type=&#8220;none&#8220; bordersize=&#8220;3&#8243; bordercolor=&#8220;&#8220; borderradius=&#8220;&#8220; align=&#8220;center&#8220; lightbox=&#8220;no&#8220; gallery_id=&#8220;&#8220; lightbox_image=&#8220;&#8220; lightbox_image_id=&#8220;&#8220; alt=&#8220;&#8220; link=&#8220;&#8220; linktarget=&#8220;_self&#8220; hide_on_mobile=&#8220;small-visibility,medium-visibility,large-visibility&#8220; class=&#8220;&#8220; id=&#8220;&#8220; animation_type=&#8220;&#8220; animation_direction=&#8220;left&#8220; animation_speed=&#8220;0.3&#8243; animation_offset=&#8220;&#8220;]http:\/\/www.gannahall.de\/wp-content\/uploads\/2019\/07\/SSW-Impressions_bea-1024&#215;822.jpg[\/fusion_imageframe][\/fusion_builder_column][\/fusion_builder_row][\/fusion_builder_container]<\/p>\n","protected":false},"excerpt":{"rendered":"<p>[fusion_builder_container hundred_percent=&#8220;no&#8220; equal_height_columns=&#8220;no&#8220; hide_on_mobile=&#8220;small-visibility,medium-visibility,large-visibility&#8220; background_position=&#8220;center center&#8220; background_repeat=&#8220;no-repeat&#8220; fade=&#8220;no&#8220; background_parallax=&#8220;none&#8220; parallax_speed=&#8220;0.3&#8243; video_aspect_ratio=&#8220;16:9&#8243; video_loop=&#8220;yes&#8220; video_mute=&#8220;yes&#8220; border_style=&#8220;solid&#8220;][fusion_builder_row][fusion_builder_column type=&#8220;1_1&#8243; layout=&#8220;1_1&#8243; background_position=&#8220;left top&#8220; background_color=&#8220;&#8220; border_size=&#8220;&#8220; border_color=&#8220;&#8220; border_style=&#8220;solid&#8220; border_position=&#8220;all&#8220; spacing=&#8220;yes&#8220; background_image=&#8220;&#8220; background_repeat=&#8220;no-repeat&#8220; padding_top=&#8220;&#8220; padding_right=&#8220;&#8220; padding_bottom=&#8220;&#8220; padding_left=&#8220;&#8220; margin_top=&#8220;0px&#8220; margin_bottom=&#8220;0px&#8220; class=&#8220;&#8220; id=&#8220;&#8220; animation_type=&#8220;&#8220; animation_speed=&#8220;0.3&#8243; animation_direction=&#8220;left&#8220; hide_on_mobile=&#8220;small-visibility,medium-visibility,large-visibility&#8220; center_content=&#8220;no&#8220; last=&#8220;no&#8220; min_height=&#8220;&#8220; hover_type=&#8220;none&#8220; link=&#8220;&#8220;][fusion_imageframe image_id=&#8220;15912|full&#8220; max_width=&#8220;&#8220; style_type=&#8220;none&#8220; blur=&#8220;&#8220; stylecolor=&#8220;&#8220; hover_type=&#8220;none&#8220; bordersize=&#8220;&#8220; bordercolor=&#8220;&#8220; borderradius=&#8220;&#8220; align=&#8220;center&#8220; lightbox=&#8220;no&#8220; gallery_id=&#8220;&#8220; lightbox_image=&#8220;&#8220; lightbox_image_id=&#8220;&#8220; alt=&#8220;&#8220; link=&#8220;&#8220; linktarget=&#8220;_self&#8220; hide_on_mobile=&#8220;small-visibility,medium-visibility,large-visibility&#8220; class=&#8220;&#8220; id=&#8220;&#8220; animation_type=&#8220;&#8220; animation_direction=&#8220;left&#8220; animation_speed=&#8220;0.3&#8243; animation_offset=&#8220;&#8220;]http:\/\/www.gannahall.de\/wp-content\/uploads\/2019\/07\/Banner-GANNAHALL-HP.png[\/fusion_imageframe][fusion_text columns=&#8220;&#8220; column_min_width=&#8220;&#8220; column_spacing=&#8220;&#8220; rule_style=&#8220;default&#8220; rule_size=&#8220;&#8220; rule_color=&#8220;&#8220; hide_on_mobile=&#8220;small-visibility,medium-visibility,large-visibility&#8220; class=&#8220;&#8220; id=&#8220;&#8220;] Eine Br\u00fccke in die Vergangenheit [\/fusion_text][fusion_imageframe image_id=&#8220;14717&#8243; max_width=&#8220;&#8220; style_type=&#8220;glow&#8220; stylecolor=&#8220;&#8220; hover_type=&#8220;none&#8220; bordersize=&#8220;3&#8243; bordercolor=&#8220;&#8220; borderradius=&#8220;&#8220; align=&#8220;center&#8220; lightbox=&#8220;no&#8220; gallery_id=&#8220;&#8220; lightbox_image=&#8220;&#8220; alt=&#8220;&#8220; link=&#8220;&#8220; linktarget=&#8220;_self&#8220; hide_on_mobile=&#8220;small-visibility,medium-visibility,large-visibility&#8220; class=&#8220;&#8220; id=&#8220;&#8220; [&hellip;]<\/p>\n","protected":false},"author":1,"featured_media":0,"parent":0,"menu_order":0,"comment_status":"closed","ping_status":"closed","template":"","meta":[],"_links":{"self":[{"href":"https:\/\/www.tiuwari.de\/index.php\/wp-json\/wp\/v2\/pages\/12082"}],"collection":[{"href":"https:\/\/www.tiuwari.de\/index.php\/wp-json\/wp\/v2\/pages"}],"about":[{"href":"https:\/\/www.tiuwari.de\/index.php\/wp-json\/wp\/v2\/types\/page"}],"author":[{"embeddable":true,"href":"https:\/\/www.tiuwari.de\/index.php\/wp-json\/wp\/v2\/users\/1"}],"replies":[{"embeddable":true,"href":"https:\/\/www.tiuwari.de\/index.php\/wp-json\/wp\/v2\/comments?post=12082"}],"version-history":[{"count":24,"href":"https:\/\/www.tiuwari.de\/index.php\/wp-json\/wp\/v2\/pages\/12082\/revisions"}],"predecessor-version":[{"id":15920,"href":"https:\/\/www.tiuwari.de\/index.php\/wp-json\/wp\/v2\/pages\/12082\/revisions\/15920"}],"wp:attachment":[{"href":"https:\/\/www.tiuwari.de\/index.php\/wp-json\/wp\/v2\/media?parent=12082"}],"curies":[{"name":"wp","href":"https:\/\/api.w.org\/{rel}","templated":true}]}}