{"id":12023,"date":"2017-02-20T20:17:34","date_gmt":"2017-02-20T19:17:34","guid":{"rendered":"http:\/\/test.semnonenbund.de\/?page_id=12023"},"modified":"2021-03-20T22:42:57","modified_gmt":"2021-03-20T21:42:57","slug":"semnonenbund","status":"publish","type":"page","link":"https:\/\/www.tiuwari.de\/index.php\/semnonenbund\/","title":{"rendered":"Semnonenbund e.V."},"content":{"rendered":"<p>[fusion_builder_container hundred_percent=&#8220;no&#8220; equal_height_columns=&#8220;no&#8220; hide_on_mobile=&#8220;small-visibility,medium-visibility,large-visibility&#8220; background_position=&#8220;center center&#8220; background_repeat=&#8220;no-repeat&#8220; fade=&#8220;no&#8220; background_parallax=&#8220;none&#8220; parallax_speed=&#8220;0.3&#8243; video_aspect_ratio=&#8220;16:9&#8243; video_loop=&#8220;yes&#8220; video_mute=&#8220;yes&#8220; border_style=&#8220;solid&#8220;][fusion_builder_row][fusion_builder_column type=&#8220;1_1&#8243; layout=&#8220;1_1&#8243; background_position=&#8220;left top&#8220; background_color=&#8220;&#8220; border_size=&#8220;&#8220; border_color=&#8220;&#8220; border_style=&#8220;solid&#8220; border_position=&#8220;all&#8220; spacing=&#8220;yes&#8220; background_image=&#8220;&#8220; background_repeat=&#8220;no-repeat&#8220; padding_top=&#8220;&#8220; padding_right=&#8220;&#8220; padding_bottom=&#8220;&#8220; padding_left=&#8220;&#8220; margin_top=&#8220;0px&#8220; margin_bottom=&#8220;0px&#8220; class=&#8220;&#8220; id=&#8220;&#8220; animation_type=&#8220;&#8220; animation_speed=&#8220;0.3&#8243; animation_direction=&#8220;left&#8220; hide_on_mobile=&#8220;small-visibility,medium-visibility,large-visibility&#8220; center_content=&#8220;no&#8220; last=&#8220;no&#8220; min_height=&#8220;&#8220; hover_type=&#8220;none&#8220; link=&#8220;&#8220;][fusion_imageframe image_id=&#8220;12471&#8243; style_type=&#8220;none&#8220; hover_type=&#8220;none&#8220; align=&#8220;center&#8220; lightbox=&#8220;no&#8220; linktarget=&#8220;_self&#8220; hide_on_mobile=&#8220;small-visibility,medium-visibility,large-visibility&#8220; animation_direction=&#8220;left&#8220; animation_speed=&#8220;0.3&#8243;]http:\/\/www.gannahall.de\/wp-content\/uploads\/Logo-Semnonenbund\/Banner-SB-HP-2.png[\/fusion_imageframe][fusion_text]<\/p>\n<h1 style=\"text-align: center;\">Semnonenbund e.V.<\/h1>\n<h3 id=\"Der-Verein-zum-Projekt-\" style=\"text-align: center;\">Der Verein zum Projekt &#8222;Historisches Dorf GANNAHALL&#8220;<\/h3>\n<h5 style=\"text-align: center;\">Vom Geschichtsinteresse, \u00fcber die historische Darstellung, zum Bauherren eines historischen Dorfes<\/h5>\n<p>[\/fusion_text][fusion_imageframe image_id=&#8220;17324|600&#8243; max_width=&#8220;&#8220; style_type=&#8220;glow&#8220; blur=&#8220;&#8220; stylecolor=&#8220;&#8220; hover_type=&#8220;none&#8220; bordersize=&#8220;3&#8243; bordercolor=&#8220;&#8220; borderradius=&#8220;&#8220; align=&#8220;center&#8220; lightbox=&#8220;no&#8220; gallery_id=&#8220;&#8220; lightbox_image=&#8220;&#8220; lightbox_image_id=&#8220;&#8220; alt=&#8220;&#8220; link=&#8220;&#8220; linktarget=&#8220;_self&#8220; hide_on_mobile=&#8220;small-visibility,medium-visibility,large-visibility&#8220; class=&#8220;&#8220; id=&#8220;&#8220; animation_type=&#8220;&#8220; animation_direction=&#8220;left&#8220; animation_speed=&#8220;0.3&#8243; animation_offset=&#8220;&#8220;]http:\/\/www.gannahall.de\/wp-content\/uploads\/2021\/03\/PHOTO-2019-05-31-09-27-07_1-1-600&#215;708.jpg[\/fusion_imageframe][fusion_text columns=&#8220;&#8220; column_min_width=&#8220;&#8220; column_spacing=&#8220;&#8220; rule_style=&#8220;default&#8220; rule_size=&#8220;&#8220; rule_color=&#8220;&#8220; class=&#8220;&#8220; id=&#8220;&#8220;]<\/p>\n<p>Der Semnonenbund gr\u00fcndete sich im Jahr 2000, zun\u00e4chst als loser Zusammenschluss von Jugendlichen und Erwachsenen, deren Interesse der europ\u00e4ischen Ur- und Fr\u00fchgeschichte galt.<br \/>\nDas Hauptaugenmerk lag allerdings auch zu dieser Zeit schon auf der Erforschung der heimischen Regionalgeschichte und da alle damaligen Mitglieder dieses Interessenkreises aus Berlin oder dem Land Brandenburg stammten,\u00a0 r\u00fcckte immer st\u00e4rker die f\u00fcr die \u00d6ffentlichkeit am wenigsten greifbaren Periode der ostdeutschen Geschichte in den Fokus, der Zeit der vorslawischen Besiedlung, also dem Zeitalter der sogenannten Germanen in der Mark. Ein Thema, welches sich in den folgenden Jahren als deutlich anspruchsvoller, weil deutlich umfangreicher und vor allem f\u00fcr die Region viel bedeutender herausstellen sollte, als jeder der Beteiligten zu diesem Zeitpunkt ahnte.<\/p>\n<p>\u00c4hnlich wie im so genannten 3. Reich die germanische Geschichte Deutschlands und Europas aufgebauscht, verkl\u00e4rt und zu rassistischen Zwecken missbraucht wurde, wurde leider in der darauf folgenden ehemaligen DDR die Bedeutung der Germanen f\u00fcr die europ\u00e4ische Geschichte kleingeredet und zugunsten eines, den gesamten ehemaligen Ostblock umspannenden \u201ePanslawismus\u201c von der Forschung weitestgehend \u00fcbergangen. Gerade in der DDR hatte die Besch\u00e4ftigung mit der germanischen Geschichte den Ruch des revisionistischen, reaktion\u00e4ren und wurde von staatlicher Seite argw\u00f6hnisch be\u00e4ugt.<br \/>\nDementsprechend stand den Mitgliedern des Semnonenbundes nur ein sehr d\u00fcrftiges Repertoire aus historischen \u00dcberlieferungen, teilweise \u00fcberholter Vorkriegsforschung und den raren Publikationen zu arch\u00e4ologischen Grabungen der ehemaligen DDR zur Verf\u00fcgung.<\/p>\n<p>Doch schon allein dieser Fundus brachte in den ersten Jahren unglaubliche Fakten an den Tag, wie zum Beispiel die Tatsache, dass die in unserer Region ans\u00e4ssigen Semnonen, die in ihrer Hochzeit fast das gesamte Ostdeutschland besiedelten, vermutlich zu den ersten germanischen St\u00e4mmen oder V\u00f6lkern \u00fcberhaupt geh\u00f6ren. Ihre wissenschaftlich belegbaren Spuren lassen sich mittlerweile in die Zeit vor dem 5. Jhd. v.d.Z. datieren und gehen erst mit dem 5. Jhd. unserer Zeit allm\u00e4hlich in der slawischen Folgebesiedlung auf. Eine ca. tausendj\u00e4hrigen Siedlungskontinuit\u00e4t und die Wow-Momente rissen nicht ab!<br \/>\nDoch allein schon dieser unglaubliche Zeitraum, von der Geschichtsforschung bis doto noch nie zusammenh\u00e4ngend aufgearbeitet, bot uns jede Menge Raum zur Erforschung und vor allem f\u00fcr eine diesbez\u00fcgliche historische Darstellung.<\/p>\n<p><img decoding=\"async\" class=\"aligncenter wp-image-12442\" src=\"http:\/\/www.gannahall.de\/wp-content\/uploads\/2017\/02\/IMG_3753-300x237.jpg\" alt=\"\" width=\"550\" height=\"434\" srcset=\"https:\/\/www.tiuwari.de\/wp-content\/uploads\/2017\/02\/IMG_3753-200x158.jpg 200w, https:\/\/www.tiuwari.de\/wp-content\/uploads\/2017\/02\/IMG_3753-300x237.jpg 300w, https:\/\/www.tiuwari.de\/wp-content\/uploads\/2017\/02\/IMG_3753-400x315.jpg 400w, https:\/\/www.tiuwari.de\/wp-content\/uploads\/2017\/02\/IMG_3753-600x473.jpg 600w, https:\/\/www.tiuwari.de\/wp-content\/uploads\/2017\/02\/IMG_3753-768x606.jpg 768w, https:\/\/www.tiuwari.de\/wp-content\/uploads\/2017\/02\/IMG_3753-800x631.jpg 800w, https:\/\/www.tiuwari.de\/wp-content\/uploads\/2017\/02\/IMG_3753-1024x807.jpg 1024w, https:\/\/www.tiuwari.de\/wp-content\/uploads\/2017\/02\/IMG_3753-1200x946.jpg 1200w, https:\/\/www.tiuwari.de\/wp-content\/uploads\/2017\/02\/IMG_3753.jpg 1267w\" sizes=\"(max-width: 550px) 100vw, 550px\" \/><\/p>\n<p style=\"text-align: center;\"><span style=\"font-size: x-small;\">Semnonenbundmitglieder im Geschichtsunterricht an einer Berliner Schule (2015)<\/span><\/p>\n<p>Eine historische Darstellung der Semnonen war bis dato deutschlandweit nicht vorhanden und so wurde die Darstellung der Berlin-Brandenburger Regionalgeschichte zum Hauptanliegen des Vereins.<br \/>\nDa diese Wissensl\u00fccke, bez\u00fcglich der 1000-j\u00e4hrigen germanischen Geschichte Ostdeutschlands sich quer durch alle Bev\u00f6lkerungsschichten zog, sollte unser \u201eRegional Living History\u201c auch\u00a0 Jedermann angeboten und unser Wissen der interessierten Allgemeinheit zur Verf\u00fcgung gestellt werden.<\/p>\n<p>Im Oktober 2002 fand dann die regul\u00e4re Vereinsgr\u00fcndung des Semnonenbund e.V. in Brandenburg\/Havel statt. Der Antrag auf\u00a0 Eintrag ins Vereinsregister erfolgte dann sp\u00e4ter in Nauen, vor allem, weil gut die H\u00e4lfte der Mitglieder dort lebte und auch der 1. Vorsitzende Nauener war.<br \/>\nDie Anerkennung der Gemeinn\u00fctzigkeit und deren Eintrag ins Vereinsregister der Stadt Nauen folgte ein gutes Jahr sp\u00e4ter.<\/p>\n<p>Bald schon h\u00e4uften sich die Anfragen bez\u00fcglich historischer Auftritte, Vortr\u00e4ge und ganzer Rahmenprogramme.<br \/>\nMal fuhren wir an eine Schule f\u00fcr unterrichtsbegleitende Vortr\u00e4ge oder eine themenbezogene Vorf\u00fchrung, ein anderes Mal stellten wir traditionelles Handwerk in einer Senioren-Residenz\u00a0 vor oder stifteten das gesamte Programm zum Betriebsfest einer gro\u00dfen Berliner Firma, mit Lager und verschiedenen moderierten Kampfvorf\u00fchrungen.<br \/>\nOft genug stand der im Vorfeld betriebene Aufwand in keinem vern\u00fcnftigen Verh\u00e4ltnis zur eigentlichen Vorf\u00fchrung, besonders wenn der Interessent oder Auftraggeber ein umfangreiches Programm w\u00fcnschte und noch dazu der Ort der Darstellung nicht in unmittelbarer N\u00e4he lag.<\/p>\n<p>Immer st\u00e4rker kristallisierte sich die Idee heraus, sich einen passenden Ort f\u00fcr eine dauerhafte Darstellung zu schaffen.<br \/>\nDa die historische Darstellung trotzdem auch weiterhin \u201eganzheitlich\u201c sein sollte, also alle wichtigen Aspekte des Alltags vor 2000 Jahren, wie die Lebensumst\u00e4nde, Handwerk, Kultur, Glaube und Kriegertum gleicherma\u00dfen beinhalten sollte, kam als Rahmen f\u00fcr dieses Projekt nur ein historisches Dorf in Frage.<\/p>\n<p>[\/fusion_text][fusion_imageframe image_id=&#8220;12571&#8243; style_type=&#8220;none&#8220; hover_type=&#8220;none&#8220; align=&#8220;center&#8220; lightbox=&#8220;no&#8220; linktarget=&#8220;_self&#8220; hide_on_mobile=&#8220;small-visibility,medium-visibility,large-visibility&#8220; animation_direction=&#8220;left&#8220; animation_speed=&#8220;0.3&#8243;]http:\/\/www.gannahall.de\/wp-content\/uploads\/2017\/02\/image003.png[\/fusion_imageframe][fusion_text]<\/p>\n<p style=\"text-align: center;\"><span style=\"font-size: x-small;\">Der Semnonenbund e.V. im Slawendorf Brandenburg (2006)<\/span><\/p>\n<p>[\/fusion_text][fusion_text]<\/p>\n<p>Um eine gr\u00f6\u00dftm\u00f6gliche Authenzit\u00e4t zu erreichen, sollte eine gut dokumentierte germanische Siedlung zw. 300 v.d.Z. bis 300 n.d.Z. gefunden und in Teilen rekonstruiert werden.<br \/>\nDie Wahl fiel auf die Siedlung von Nauen B\u00e4rhorst, welche schon von Doppelfeld und Behm-Blancke eingehend beschrieben und auch sp\u00e4ter von Arch\u00e4ologen und Historikern wie P. Sch\u00f6neburg oder Dr. Manfred Kluger behandelt wurden.<br \/>\nDiese Beiden wurden dann auch zu unseren direkten Ansprechpartnern und vor allem mit Dr. Kluger verband den Vorstand schon bald ein intensives Verh\u00e4ltnis der Zusammenarbeit, welches bis zu dessen Tod im Jahr 2009 anhielt.<br \/>\nDer Semnonenbund e.V. hat diesem gro\u00dfartigen und engagierten Historiker viele Ideen, Anregungen und Unterst\u00fctzung zu verdanken.<\/p>\n<p>Unmittelbar nach dem Beschluss begannen sowohl die Suche nach einem geeigneten Grundst\u00fcck, als auch die Planungen zum Projekt \u201eHistorisches Dorf GANNAHALL\u201c, parallel zur laufenden Vereinsarbeit.<br \/>\nDie Stadt Nauen stellte dem Verein f\u00fcr die Durchf\u00fchrung des Projektes zun\u00e4chst das Gel\u00e4nde des B\u00fcrgerparks am Gro\u00dfen Havell\u00e4ndischen Hauptkanal zur Verf\u00fcgung, welcher sich von der Graf Arco-Stra\u00dfe bis zum Ludwig-Jahn-Sportplatz erstreckt. Da der B\u00fcrgerpark an sich nur in geringem Ma\u00df bebaubar war,\u00a0 wurde die angrenzende Wiese von privat langzeitgepachtet.<br \/>\nEnde 2003 wurde mit den ersten Planungsschritten zur Erstellung eines Bebauungsplanes begonnen. Der angrenzende \u201eAngler-Parkplatz\u201c des B\u00fcrgerparks, wurde kurz darauf in einer Zwangsversteigerung vom Semnonenbund e.V. erworben.<br \/>\nSofort begannen die Mitglieder des Semnonenbundes, das Projekt mit \u00f6ffentlichen Veranstaltungen zu bewerben.<br \/>\nNur zwei Jahre sp\u00e4ter jedoch, im Dezember 2005, kurz nach der Fertigstellung des Grundkonzeptes, wurde pl\u00f6tzlich der Vertrag f\u00fcr das gepachtete Grundst\u00fcck gek\u00fcndigt, weil der Besitzer zu verkaufen w\u00fcnschte und der Verein derzeit nicht \u00fcber die n\u00f6tigen Mittel verf\u00fcgte, auch dieses Grundst\u00fcck zu erwerben.<\/p>\n<p>Da der B\u00fcrgerpark allein f\u00fcr die Umsetzung des Projektes nicht geeignet war, musste der Standort aufgegeben und eine neue Planungsfl\u00e4che gefunden werden.<br \/>\nParallel begann der Semnonenbund mit einer Reihe von Aktionen und Benefizveranstaltungen um an die n\u00f6tigen finanziellen Mittel zu kommen, das Projekt GANNAHALL an anderer Stelle umzusetzen.<br \/>\nAuch die gemeinn\u00fctzige und sonstige Vereinsarbeit lief weiter wie bisher, wenngleich dieser R\u00fcckschlag auch ein nachlassendes Engagement vieler Mitglieder zur Folge hatte.<br \/>\nDas \u00f6ffentliche Interesse am Projekt GANNAHALL und den sonstigen Vereinsaktivit\u00e4ten, wie zum Beispiel dem allj\u00e4hrlich stattfindenden \u00f6ffentlichen und kostenlosen Hallentraining im historischen Schwertfechten, hielten jedoch unvermindert an und ermutigten uns zum Weitermachen.<\/p>\n<p>Es sollte allerdings bis Anfang 2008 dauern, bis in Kooperation mit der Stadt Nauen ein passendes Ersatzgel\u00e4nde gefunden wurde, welches eine \u00e4hnliche Lageaufwies, wie die urspr\u00fcngliche Siedlung von Nauen-B\u00e4rhorst und infrastrukturell entsprechend angebunden war.<br \/>\nIm April wurde ein Erbbaupachtvertrag mit der Stadt unterzeichnet und umgehend mit der erneuten Planung begonnen.<\/p>\n<p>[\/fusion_text][fusion_imageframe image_id=&#8220;12591&#8243; style_type=&#8220;none&#8220; hover_type=&#8220;none&#8220; align=&#8220;center&#8220; lightbox=&#8220;no&#8220; link=&#8220;http:\/\/www.gannahall.de\/wp-content\/uploads\/2017\/05\/planung1zu2000.jpg&#8220; linktarget=&#8220;_blank&#8220; hide_on_mobile=&#8220;small-visibility,medium-visibility,large-visibility&#8220; animation_direction=&#8220;left&#8220; animation_speed=&#8220;0.3&#8243;]http:\/\/www.gannahall.de\/wp-content\/uploads\/2017\/05\/planung1zu2000-278&#215;300.jpg[\/fusion_imageframe][fusion_text]<\/p>\n<p style=\"text-align: center;\"><span style=\"font-size: x-small;\">Overlay &amp; Erstentwurf: Grabungskarte Nauen\/B\u00e4rhorst (Behm\/Doppelfeld) auf Flurst\u00fcckkarte<\/span><\/p>\n<p>[\/fusion_text][fusion_text]<\/p>\n<p>Wieder vergingen gut drei Jahre in denen die eigentliche Vereinsarbeit immer mehr ins Hintertreffen geriet und im Grunde nur noch aus der Arbeit des Vorstandes bestand, der von Beh\u00f6rdentermin zu Beh\u00f6rdentermin und von Planungstreffen zu Planungstreffen reiste, Konzepte erstellte und \u00c4nderungen vornahm, bis der Bebauungsplan zum Jahreswechsel 2011\/12 schlie\u00dflich endg\u00fcltig fertiggestellt und von allen n\u00f6tigen Aussch\u00fcssen und Beh\u00f6rden genehmigt war.<br \/>\nDie Erstellung des B-Plans brachte den Verein erstmals in finanzielle Bedr\u00e4ngnis.<br \/>\nDie Suche nach finanziellen Unterst\u00fctzern in Form von Sponsoren oder Spendern gestaltete sich schwierig, wohl auch weil das \u00f6ffentliche Interesse in den zur\u00fcckliegenden Jahren immer weiter nachlie\u00df. Dar\u00fcber hinaus beanstandete das Finanzamt die Finanzierung des Projektes durch Benefiz-Veranstaltungen wie das \u201eRock for Roots\u201c und drohte den Freistellungsbescheid zuk\u00fcnftig nicht mehr auszustellen, womit der Semnonenbund e.V. seinen Status der Gemeinn\u00fctzigkeit verloren h\u00e4tte.<br \/>\nDas \u201eRock for Roots\u201c-Festival fiel damit langfristig als Haupteinnahmequelle aus.<\/p>\n<p>Schlie\u00dflich musste der Verein zu allem \u00dcberfluss seine Lagerhalle, in der Baumaterial, Werkzeug und Maschinen untergebracht waren, welche w\u00e4hrend der letzten Jahren angeschafft worden waren, in Folge eines\u00a0 Grundst\u00fcckverkaufs\u00a0 ger\u00e4umt werden.<br \/>\nDie als Alternative angemietete Halle erwies sich langfristig als untauglich, da sie Einbrechern gute M\u00f6glichkeiten bot und dar\u00fcber hinaus das Material nicht hinreichend vor Witterung und Sch\u00e4dlingsbefall gesch\u00fctzt war.<\/p>\n<p>Zu Beginn des Jahres 2013, gut 10 Jahre nach seiner Gr\u00fcndung stand der Semnonenbund e.V. wieder ganz am Anfang.<br \/>\nDie Bauphase h\u00e4tte beginnen k\u00f6nnen, doch der Verein verf\u00fcgte nun weder \u00fcber geeignetes Baumaterial, noch \u00fcber Werkzeug oder \u00fcber finanzielle Einnahmen um beides anzuschaffen.<br \/>\nDar\u00fcber hinaus hatten w\u00e4hrend der letzten Jahre fast zwei Drittel der Mitglieder dem Semnonenbund den R\u00fccken gekehrt.<br \/>\nDie Gr\u00fcnde d\u00fcrften vielf\u00e4ltig gewesen sein, doch als Hauptargument wurde beim Austritt stets Desillusionierung angegeben. Die Vereinsmitglieder glaubten nicht mehr an ein Gelingen des Projektes und vermuteten unter anderem widrige Kr\u00e4fte auf diversen Entscheidungsebenen, die zu verhindern suchten, dass das historische Dorf zur Umsetzung k\u00e4me.<\/p>\n<p>Doch wir w\u00e4ren nicht wir, h\u00e4tten wir uns nach all den Jahren von diesen R\u00fcckschl\u00e4gen entmutigen lassen und auch wenn der im Erbbaupachtvertrag vorgeschriebene Zeitplan unter diesen Voraussetzungen unm\u00f6glich einzuhalten war, wollten wir es zumindest nichts unversucht lassen.<br \/>\nWieder wendeten wir uns an die Stadt Nauen und siehe da, die wichtigen Entscheidungstr\u00e4ger waren immer noch vom kulturellen, touristischen und p\u00e4dagogischen Potential unseres Projektes \u00fcberzeugt.<br \/>\nFortan unterst\u00fctzte die Stadt Nauen den Semnonenbund e.V. mit dem ben\u00f6tigten Baumaterial aus dem Nauener Stadtforst.<br \/>\nNach und nach kam der Verein \u00fcber private Spenden auch wieder an dringend ben\u00f6tigtes Werkzeug und 2014 wurde das erste Baumaterial von den verbliebenen\u00a0 Mitgliedern, sowie einigen befreundeten Helfern geschlagen.<br \/>\nBis jetzt, Stand August 2016, wurde nach Methoden der experimentellen Arch\u00e4ologie zun\u00e4chst ein St\u00fcck Palisadenzaun gestellt, sowie eines der Arbeitsh\u00e4user (Schmiede) und die Grundkonstruktion von Langhaus 1.<br \/>\nAuch der Veranstaltungsbetrieb wurde wieder aufgenommen und die \u00d6ffentlichkeit beginnt sich wieder f\u00fcr das Projekt zu interessieren.<\/p>\n<p>Und genauso, wie wir an unseren Aufgaben wachsen, w\u00e4chst mit den Erfolgen auch der Verein wieder, die Mitgliederzahlen erholen sich allm\u00e4hlich und auch die Zusammenarbeit mit anderen Vereinen nimmt zu.<br \/>\nBis dato haben mehr als zehn straff\u00e4llig gewordene Jugendliche im Programm \u201eArbeit statt Strafe\u201c ihre Arbeitsstunden im Projekt GANNAHALL abgeleistet.<br \/>\nAu\u00dferdem hat der Semnonenbund e.V. Anfang 2016 zwei Arbeitsstellen \u00fcber das \u201e100 Stellen-Programm\u201c des Landkreises Havelland besetzt und zwar eine feste Hausmeisterstelle auf dem Projektgel\u00e4nde f\u00fcr die praktischen Abl\u00e4ufe vor Ort und die Stelle eines Koordinators, welcher die fachlich und historisch korrekte Umsetzung des Projektes \u00a0\u00fcberwachen, Veranstaltungs- und Betriebskonzepte erstellen, sowie \u00d6ffentlichkeits- und Verkn\u00fcpfungsarbeit leisten soll.<\/p>\n<p>[\/fusion_text][fusion_imageframe image_id=&#8220;12481&#8243; style_type=&#8220;none&#8220; hover_type=&#8220;none&#8220; align=&#8220;center&#8220; lightbox=&#8220;no&#8220; linktarget=&#8220;_self&#8220; hide_on_mobile=&#8220;small-visibility,medium-visibility,large-visibility&#8220; animation_direction=&#8220;left&#8220; animation_speed=&#8220;0.3&#8243;]http:\/\/www.gannahall.de\/wp-content\/uploads\/Arbeitseinsaetze\/verein4-300&#215;240.jpg[\/fusion_imageframe][fusion_text]<\/p>\n<p>Zuk\u00fcnftig ist geplant,\u00a0 die Zusammenarbeit mit der Stadt Nauen, dem Landkreis Havelland, sowie dem Tourismusverband und anderen Einrichtungen zu intensivieren.<br \/>\nAuch der Kontakt zu den regionalen Fl\u00fcchtlingsheimen soll ausgebaut und die M\u00f6glichkeiten einer Zusammenarbeit er\u00f6rtert werden.<br \/>\nVor allem in Nauen werden wir \u00a0versuchen unsere Bekanntheit zu nutzen und vor dem Hintergrund der j\u00fcngeren Vorkommnisse ein Zeichen setzen um mit gutem Beispiel voranzugehen wenn es hei\u00dft Vorurteile abzubauen und vor allem der \u00fcbrigen Welt zu zeigen, dass unsere germanische Regionalgeschichte nichts mit Rassismus oder Faschismus zu tun hat, sondern einige wichtige und wertvolle Beitr\u00e4ge zur europ\u00e4ischen Gesamtgeschichte beigesteuert hat, die es verdient haben beachtet und geachtet zu werden.<\/p>\n<p>[\/fusion_text][fusion_imageframe image_id=&#8220;12480&#8243; style_type=&#8220;none&#8220; hover_type=&#8220;none&#8220; align=&#8220;center&#8220; lightbox=&#8220;no&#8220; linktarget=&#8220;_self&#8220; hide_on_mobile=&#8220;small-visibility,medium-visibility,large-visibility&#8220; animation_direction=&#8220;left&#8220; animation_speed=&#8220;0.3&#8243;]http:\/\/www.gannahall.de\/wp-content\/uploads\/2017\/04\/verein3-300&#215;150.jpg[\/fusion_imageframe][\/fusion_builder_column][\/fusion_builder_row][\/fusion_builder_container]<\/p>\n","protected":false},"excerpt":{"rendered":"<p>[fusion_builder_container hundred_percent=&#8220;no&#8220; equal_height_columns=&#8220;no&#8220; hide_on_mobile=&#8220;small-visibility,medium-visibility,large-visibility&#8220; background_position=&#8220;center center&#8220; background_repeat=&#8220;no-repeat&#8220; fade=&#8220;no&#8220; background_parallax=&#8220;none&#8220; parallax_speed=&#8220;0.3&#8243; video_aspect_ratio=&#8220;16:9&#8243; video_loop=&#8220;yes&#8220; video_mute=&#8220;yes&#8220; border_style=&#8220;solid&#8220;][fusion_builder_row][fusion_builder_column type=&#8220;1_1&#8243; layout=&#8220;1_1&#8243; background_position=&#8220;left top&#8220; background_color=&#8220;&#8220; border_size=&#8220;&#8220; border_color=&#8220;&#8220; border_style=&#8220;solid&#8220; border_position=&#8220;all&#8220; spacing=&#8220;yes&#8220; background_image=&#8220;&#8220; background_repeat=&#8220;no-repeat&#8220; padding_top=&#8220;&#8220; padding_right=&#8220;&#8220; padding_bottom=&#8220;&#8220; padding_left=&#8220;&#8220; margin_top=&#8220;0px&#8220; margin_bottom=&#8220;0px&#8220; class=&#8220;&#8220; id=&#8220;&#8220; animation_type=&#8220;&#8220; animation_speed=&#8220;0.3&#8243; animation_direction=&#8220;left&#8220; hide_on_mobile=&#8220;small-visibility,medium-visibility,large-visibility&#8220; center_content=&#8220;no&#8220; last=&#8220;no&#8220; min_height=&#8220;&#8220; hover_type=&#8220;none&#8220; link=&#8220;&#8220;][fusion_imageframe image_id=&#8220;12471&#8243; style_type=&#8220;none&#8220; hover_type=&#8220;none&#8220; align=&#8220;center&#8220; lightbox=&#8220;no&#8220; linktarget=&#8220;_self&#8220; hide_on_mobile=&#8220;small-visibility,medium-visibility,large-visibility&#8220; animation_direction=&#8220;left&#8220; animation_speed=&#8220;0.3&#8243;]http:\/\/www.gannahall.de\/wp-content\/uploads\/Logo-Semnonenbund\/Banner-SB-HP-2.png[\/fusion_imageframe][fusion_text] Semnonenbund e.V. Der Verein zum Projekt &#8222;Historisches Dorf GANNAHALL&#8220; Vom Geschichtsinteresse, \u00fcber die historische Darstellung, zum Bauherren eines historischen Dorfes [\/fusion_text][fusion_imageframe image_id=&#8220;17324|600&#8243; max_width=&#8220;&#8220; style_type=&#8220;glow&#8220; blur=&#8220;&#8220; stylecolor=&#8220;&#8220; hover_type=&#8220;none&#8220; bordersize=&#8220;3&#8243; bordercolor=&#8220;&#8220; borderradius=&#8220;&#8220; align=&#8220;center&#8220; lightbox=&#8220;no&#8220; gallery_id=&#8220;&#8220; lightbox_image=&#8220;&#8220; lightbox_image_id=&#8220;&#8220; alt=&#8220;&#8220; link=&#8220;&#8220; linktarget=&#8220;_self&#8220; hide_on_mobile=&#8220;small-visibility,medium-visibility,large-visibility&#8220; class=&#8220;&#8220; id=&#8220;&#8220; animation_type=&#8220;&#8220; animation_direction=&#8220;left&#8220; animation_speed=&#8220;0.3&#8243; animation_offset=&#8220;&#8220;]http:\/\/www.gannahall.de\/wp-content\/uploads\/2021\/03\/PHOTO-2019-05-31-09-27-07_1-1-600&#215;708.jpg[\/fusion_imageframe][fusion_text columns=&#8220;&#8220; column_min_width=&#8220;&#8220; column_spacing=&#8220;&#8220; [&hellip;]<\/p>\n","protected":false},"author":1,"featured_media":0,"parent":0,"menu_order":0,"comment_status":"closed","ping_status":"closed","template":"","meta":[],"_links":{"self":[{"href":"https:\/\/www.tiuwari.de\/index.php\/wp-json\/wp\/v2\/pages\/12023"}],"collection":[{"href":"https:\/\/www.tiuwari.de\/index.php\/wp-json\/wp\/v2\/pages"}],"about":[{"href":"https:\/\/www.tiuwari.de\/index.php\/wp-json\/wp\/v2\/types\/page"}],"author":[{"embeddable":true,"href":"https:\/\/www.tiuwari.de\/index.php\/wp-json\/wp\/v2\/users\/1"}],"replies":[{"embeddable":true,"href":"https:\/\/www.tiuwari.de\/index.php\/wp-json\/wp\/v2\/comments?post=12023"}],"version-history":[{"count":32,"href":"https:\/\/www.tiuwari.de\/index.php\/wp-json\/wp\/v2\/pages\/12023\/revisions"}],"predecessor-version":[{"id":17325,"href":"https:\/\/www.tiuwari.de\/index.php\/wp-json\/wp\/v2\/pages\/12023\/revisions\/17325"}],"wp:attachment":[{"href":"https:\/\/www.tiuwari.de\/index.php\/wp-json\/wp\/v2\/media?parent=12023"}],"curies":[{"name":"wp","href":"https:\/\/api.w.org\/{rel}","templated":true}]}}