{"id":14934,"date":"2018-08-30T17:35:33","date_gmt":"2018-08-30T16:35:33","guid":{"rendered":"http:\/\/www.gannahall.de\/?page_id=14934"},"modified":"2018-10-18T17:38:12","modified_gmt":"2018-10-18T16:38:12","slug":"sachspenden-liste","status":"publish","type":"page","link":"http:\/\/www.tiuwari.de\/index.php\/unterstuetzen\/sachspenden-liste\/","title":{"rendered":"Sachspenden &#8211; Liste"},"content":{"rendered":"<h1 style=\"text-align: center;\"><strong>Sachspenden<\/strong><\/h1>\n<p>&nbsp;<\/p>\n<p>Neben finanziellen Zuwendungen und tatkr\u00e4ftiger Unterst\u00fctzung w\u00e4hrend der Bauarbeiten, freuen wir uns nat\u00fcrlich auch \u00fcber Sachspenden.<br \/>\nEs gibt so einiges das dringend ben\u00f6tigt wird, f\u00fcr uns zurzeit aber leider nicht, bzw. nicht in ausreichender Menge finanzierbar ist.<br \/>\nGebraucht und gern genommen werden neben <strong>Werkzeug und Maschinen<\/strong> auch <strong>Baumaterial<\/strong>, <strong>Pflanzen und Saatgut<\/strong>, sowie unter \u201e<strong>Sonstige<\/strong>\u201c aufgef\u00fchrte Sachg\u00fcter.<br \/>\n<strong>Zum Beispiel<\/strong> ist die vollst\u00e4ndige Umz\u00e4unung unseres Gel\u00e4ndes lange \u00fcberf\u00e4llig, nicht zuletzt weil es sich noch f\u00fcr einige Jahre um eine Baustelle mit vielf\u00e4ltigen Unfallgefahren handelt.<br \/>\nEin derart gro\u00dfes Gel\u00e4nde zu sichern ist eine immense Herausforderung, dementsprechend suchen wir h\u00e4nderingend Zaunpf\u00e4hle, Maschendraht- bzw. Wildzaun, Spanndraht und dergleichen.<\/p>\n<h2><strong>Was wird gebraucht?<\/strong><\/h2>\n<p><strong>Werkzeuge und Maschinen (Bitte nur voll funktionsf\u00e4hig!)<\/strong><\/p>\n<ul>\n<li>Alle Arten von Holzs\u00e4gen, manuell, elektrisch oder benzinbetrieben (Kettens\u00e4ge klein &amp; gro\u00df)<\/li>\n<li>Spalt\u00e4xte und -Keile<\/li>\n<li>Linkes und rechtes Seitenbeil (auch lose Bl\u00e4tter)<\/li>\n<li>Leistungsstarke Akku-Schrauber<\/li>\n<li>Schmiedewerkzeug<\/li>\n<li>Rasenm\u00e4hertraktor<\/li>\n<li>Freischneider (Motorsense)<\/li>\n<li>Trennschleifer (Winkelschleifer, &#8222;Flex&#8220;, klein)<\/li>\n<\/ul>\n<p><strong>Zubeh\u00f6r<\/strong><\/p>\n<ul>\n<li>Trennscheiben, F\u00e4cherscheiben, Drahtb\u00fcrsten f\u00fcr Trennschleifer<\/li>\n<li>Holzbohrer (Schlangenbohrer)<\/li>\n<li>&#8222;Bits&#8220; f\u00fcr Schrauber (Kreuz, Torx, gern ganze S\u00e4tze)<\/li>\n<li>N\u00e4gel &amp; Holzschrauben ab 100 mm (Tellerkopfschrauben etc.)<\/li>\n<li>Draht (&#8222;R\u00f6deldraht&#8220;, Fixierdraht, Basteldraht)<\/li>\n<li>Kettens\u00e4genbenzin und-\u00f6l<\/li>\n<\/ul>\n<p><strong>Baumaterial<\/strong><\/p>\n<ul>\n<li>Bauholz \/ Bretter, Bohlen, Balken (bevorzugt Hartholz, auch aus Scheunenabriss etc.)<\/li>\n<li>Schwartenbretter ab 1m L\u00e4nge<\/li>\n<li>Reet<\/li>\n<li>Eichenholz-Staken f\u00fcr Wandausfachung<\/li>\n<li>Lehm<\/li>\n<\/ul>\n<p><strong>Pflanzen und Saatgut<\/strong><\/p>\n<ul>\n<li>Alle Arten von einheimischen Baumarten, ab 0,8 m H\u00f6he (Linde, Eiche, Birke, Eibe usw.)<\/li>\n<li>Vom Aussterben bedrohte alte Obstsorten (\u00c4pfel, Birnen, Kirschen, Zwetschgen, Pflaumen, etc. vor allem f\u00fcr unsere Au\u00dfenbereiche\/gerne auch Samen, Keimlinge, Jungpflanzen)<\/li>\n<li>Andere alte einheimische Kulturpflanzen, Kr\u00e4uter usw.<\/li>\n<\/ul>\n<p><strong>Sonstige<\/strong><\/p>\n<ul>\n<li>Zaunpf\u00e4hle<\/li>\n<li>Wildzaun und\/oder Maschendraht<\/li>\n<li>Spanndraht<\/li>\n<li>\u201eEuronetz\u201c, bzw. elektr. Weide- oder Koppelzaun f\u00fcr Schafe (auch Netzger\u00e4t, \u201eIsopf\u00e4hle\u201c, Griffe etc.)<\/li>\n<li>Bewegungsmelder<\/li>\n<li>LED-Scheinwerfer (Bauscheinwerfer)<\/li>\n<li>Spendenboxen transparent\/mittelgro\u00df (ca. 25 x 10 x 10 cm o.\u00e4.)<\/li>\n<li>Gefriertruhe (&#8222;Toplader&#8220;, ab A+)<\/li>\n<\/ul>\n<p><strong>ACHTUNG: Ab Sommer 2018 nehmen wir auch unbehandeltes Brennholz f\u00fcr unsere Veranstaltungen an!<\/strong><br \/>\n\u00dcberbleibsel Ihres Gartenfr\u00fchjahrsputz, wie gerodete Wurzeln, Str\u00e4ucher, \u00c4ste, Koniferen usw. k\u00f6nnen Sie zuk\u00fcnftig nach vorheriger telefonischer Absprache auf einem eigens daf\u00fcr eingerichteten Platz ablegen.<br \/>\nBitte wenden Sie sich hierzu im Vorfeld an Herrn Gardow (0152 55471534) oder Herrn Kr\u00fcger (0163 4017982).<\/p>\n<p><strong>Vielen Dank!<\/strong><\/p>\n<p>&nbsp;<\/p>\n","protected":false},"excerpt":{"rendered":"<p>Sachspenden &nbsp; Neben finanziellen Zuwendungen und tatkr\u00e4ftiger Unterst\u00fctzung w\u00e4hrend der Bauarbeiten, freuen wir uns nat\u00fcrlich auch \u00fcber Sachspenden. Es gibt so einiges das dringend ben\u00f6tigt wird, f\u00fcr uns zurzeit aber leider nicht, bzw. nicht in ausreichender Menge finanzierbar ist. Gebraucht und gern genommen werden neben Werkzeug und Maschinen auch Baumaterial, Pflanzen und Saatgut, sowie unter \u201eSonstige\u201c aufgef\u00fchrte Sachg\u00fcter. Zum Beispiel ist die vollst\u00e4ndige Umz\u00e4unung unseres Gel\u00e4ndes lange \u00fcberf\u00e4llig, nicht zuletzt weil es sich noch f\u00fcr einige Jahre um eine Baustelle mit vielf\u00e4ltigen Unfallgefahren handelt. Ein derart gro\u00dfes Gel\u00e4nde zu sichern ist eine immense Herausforderung, dementsprechend suchen wir h\u00e4nderingend Zaunpf\u00e4hle, Maschendraht- [&hellip;]<\/p>\n","protected":false},"author":2,"featured_media":0,"parent":12163,"menu_order":0,"comment_status":"closed","ping_status":"closed","template":"100-width.php","meta":[],"_links":{"self":[{"href":"http:\/\/www.tiuwari.de\/index.php\/wp-json\/wp\/v2\/pages\/14934"}],"collection":[{"href":"http:\/\/www.tiuwari.de\/index.php\/wp-json\/wp\/v2\/pages"}],"about":[{"href":"http:\/\/www.tiuwari.de\/index.php\/wp-json\/wp\/v2\/types\/page"}],"author":[{"embeddable":true,"href":"http:\/\/www.tiuwari.de\/index.php\/wp-json\/wp\/v2\/users\/2"}],"replies":[{"embeddable":true,"href":"http:\/\/www.tiuwari.de\/index.php\/wp-json\/wp\/v2\/comments?post=14934"}],"version-history":[{"count":3,"href":"http:\/\/www.tiuwari.de\/index.php\/wp-json\/wp\/v2\/pages\/14934\/revisions"}],"predecessor-version":[{"id":15085,"href":"http:\/\/www.tiuwari.de\/index.php\/wp-json\/wp\/v2\/pages\/14934\/revisions\/15085"}],"up":[{"embeddable":true,"href":"http:\/\/www.tiuwari.de\/index.php\/wp-json\/wp\/v2\/pages\/12163"}],"wp:attachment":[{"href":"http:\/\/www.tiuwari.de\/index.php\/wp-json\/wp\/v2\/media?parent=14934"}],"curies":[{"name":"wp","href":"https:\/\/api.w.org\/{rel}","templated":true}]}}