{"id":12786,"date":"2017-05-25T12:13:26","date_gmt":"2017-05-25T11:13:26","guid":{"rendered":"http:\/\/www.gannahall.de\/?page_id=12786"},"modified":"2018-08-16T18:40:21","modified_gmt":"2018-08-16T17:40:21","slug":"impressum","status":"publish","type":"page","link":"http:\/\/www.tiuwari.de\/index.php\/kontakt\/impressum\/","title":{"rendered":"Impressum"},"content":{"rendered":"<p>[fusion_builder_container hundred_percent=&#8220;no&#8220; equal_height_columns=&#8220;no&#8220; hide_on_mobile=&#8220;small-visibility,medium-visibility,large-visibility&#8220; background_position=&#8220;center center&#8220; background_repeat=&#8220;no-repeat&#8220; fade=&#8220;no&#8220; background_parallax=&#8220;none&#8220; parallax_speed=&#8220;0.3&#8243; video_aspect_ratio=&#8220;16:9&#8243; video_loop=&#8220;yes&#8220; video_mute=&#8220;yes&#8220; border_style=&#8220;solid&#8220;][fusion_builder_row][fusion_builder_column type=&#8220;1_1&#8243; layout=&#8220;1_1&#8243; spacing=&#8220;&#8220; center_content=&#8220;no&#8220; hover_type=&#8220;none&#8220; link=&#8220;&#8220; min_height=&#8220;&#8220; hide_on_mobile=&#8220;small-visibility,medium-visibility,large-visibility&#8220; class=&#8220;&#8220; id=&#8220;&#8220; background_color=&#8220;&#8220; background_image=&#8220;&#8220; background_position=&#8220;left top&#8220; background_repeat=&#8220;no-repeat&#8220; border_size=&#8220;0&#8243; border_color=&#8220;&#8220; border_style=&#8220;solid&#8220; border_position=&#8220;all&#8220; padding_top=&#8220;&#8220; padding_right=&#8220;&#8220; padding_bottom=&#8220;&#8220; padding_left=&#8220;&#8220; dimension_margin=&#8220;&#8220; animation_type=&#8220;&#8220; animation_direction=&#8220;left&#8220; animation_speed=&#8220;0.3&#8243; animation_offset=&#8220;&#8220; last=&#8220;no&#8220;][fusion_title hide_on_mobile=&#8220;small-visibility,medium-visibility,large-visibility&#8220; size=&#8220;1&#8243; content_align=&#8220;left&#8220; style_type=&#8220;default&#8220;]<\/p>\n<h1 style=\"text-align: center;\">Impressum des Semnonenbund e.V.<\/h1>\n<p>[\/fusion_title][fusion_text]<\/p>\n<p>Das Impressum ist noch nicht vollst\u00e4ndig, wir bitten um Geduld. Wir versuchen so transparent wie m\u00f6glich zu sein, falls Fragen bestehen, z\u00f6gert nicht uns zu kontaktieren.<\/p>\n<p>[\/fusion_text][fusion_text columns=&#8220;&#8220; column_min_width=&#8220;&#8220; column_spacing=&#8220;&#8220; rule_style=&#8220;default&#8220; rule_size=&#8220;&#8220; rule_color=&#8220;&#8220; class=&#8220;&#8220; id=&#8220;&#8220;]<\/p>\n<h1>Impressum<\/h1>\n<p>Semnonenbund e.V.<br \/>\nKirchstra\u00dfe 8<br \/>\n14641 Nauen<br \/>\n0163 4017982<br \/>\nkontakt@gannahall.de<\/p>\n<p><strong>Registereintrag:<\/strong><br \/>\nEingetragen im Vereinsregister<br \/>\nRegistergericht: Nauen<br \/>\nRegisternummer: 00-000-000-000<\/p>\n<p><strong>Vertreten durch:<\/strong><br \/>\nRico Kr\u00fcger (1. Vorsitzender)<br \/>\nNorbert Gardow (2. Vorsitzender)<br \/>\nNico Naumann\u00a0 (Kassenwart vorl\u00e4ufig)<br \/>\nGesine G\u00e4rtner (Protokoll)<\/p>\n<p><strong>Umsatzsteuer-ID:<\/strong><br \/>\nUmsatzsteuer-Identifikationsnummer nach \u00a727a Umsatzsteuergesetz:<br \/>\n00-000-000-000<\/p>\n<p><strong>Wirtschafts-ID:<\/strong><br \/>\nWirtschafts-IdNr: 00-000-000-000<\/p>\n<p><strong>Verantwortlich f\u00fcr den Inhalt<\/strong> (gem. \u00a7 55 Abs. 2 RStV):<br \/>\nRico Kr\u00fcger<br \/>\nKirchstra\u00dfe 8<br \/>\n14641 Nauen<\/p>\n<p>[\/fusion_text][\/fusion_builder_column][\/fusion_builder_row][\/fusion_builder_container]<\/p>\n","protected":false},"excerpt":{"rendered":"<p>[fusion_builder_container hundred_percent=&#8220;no&#8220; equal_height_columns=&#8220;no&#8220; hide_on_mobile=&#8220;small-visibility,medium-visibility,large-visibility&#8220; background_position=&#8220;center center&#8220; background_repeat=&#8220;no-repeat&#8220; fade=&#8220;no&#8220; background_parallax=&#8220;none&#8220; parallax_speed=&#8220;0.3&#8243; video_aspect_ratio=&#8220;16:9&#8243; video_loop=&#8220;yes&#8220; video_mute=&#8220;yes&#8220; border_style=&#8220;solid&#8220;][fusion_builder_row][fusion_builder_column type=&#8220;1_1&#8243; layout=&#8220;1_1&#8243; spacing=&#8220;&#8220; center_content=&#8220;no&#8220; hover_type=&#8220;none&#8220; link=&#8220;&#8220; min_height=&#8220;&#8220; hide_on_mobile=&#8220;small-visibility,medium-visibility,large-visibility&#8220; class=&#8220;&#8220; id=&#8220;&#8220; background_color=&#8220;&#8220; background_image=&#8220;&#8220; background_position=&#8220;left top&#8220; background_repeat=&#8220;no-repeat&#8220; border_size=&#8220;0&#8243; border_color=&#8220;&#8220; border_style=&#8220;solid&#8220; border_position=&#8220;all&#8220; padding_top=&#8220;&#8220; padding_right=&#8220;&#8220; padding_bottom=&#8220;&#8220; padding_left=&#8220;&#8220; dimension_margin=&#8220;&#8220; animation_type=&#8220;&#8220; animation_direction=&#8220;left&#8220; animation_speed=&#8220;0.3&#8243; animation_offset=&#8220;&#8220; last=&#8220;no&#8220;][fusion_title hide_on_mobile=&#8220;small-visibility,medium-visibility,large-visibility&#8220; size=&#8220;1&#8243; content_align=&#8220;left&#8220; style_type=&#8220;default&#8220;] Impressum des Semnonenbund e.V. [\/fusion_title][fusion_text] Das Impressum ist noch nicht vollst\u00e4ndig, wir bitten um Geduld. Wir versuchen so transparent wie m\u00f6glich zu sein, falls Fragen bestehen, z\u00f6gert nicht uns zu kontaktieren. [\/fusion_text][fusion_text columns=&#8220;&#8220; column_min_width=&#8220;&#8220; column_spacing=&#8220;&#8220; rule_style=&#8220;default&#8220; rule_size=&#8220;&#8220; rule_color=&#8220;&#8220; class=&#8220;&#8220; id=&#8220;&#8220;] Impressum Semnonenbund e.V. Kirchstra\u00dfe 8 14641 Nauen 0163 4017982 kontakt@gannahall.de Registereintrag: Eingetragen im [&hellip;]<\/p>\n","protected":false},"author":1,"featured_media":0,"parent":12687,"menu_order":0,"comment_status":"closed","ping_status":"closed","template":"","meta":[],"_links":{"self":[{"href":"http:\/\/www.tiuwari.de\/index.php\/wp-json\/wp\/v2\/pages\/12786"}],"collection":[{"href":"http:\/\/www.tiuwari.de\/index.php\/wp-json\/wp\/v2\/pages"}],"about":[{"href":"http:\/\/www.tiuwari.de\/index.php\/wp-json\/wp\/v2\/types\/page"}],"author":[{"embeddable":true,"href":"http:\/\/www.tiuwari.de\/index.php\/wp-json\/wp\/v2\/users\/1"}],"replies":[{"embeddable":true,"href":"http:\/\/www.tiuwari.de\/index.php\/wp-json\/wp\/v2\/comments?post=12786"}],"version-history":[{"count":4,"href":"http:\/\/www.tiuwari.de\/index.php\/wp-json\/wp\/v2\/pages\/12786\/revisions"}],"predecessor-version":[{"id":14915,"href":"http:\/\/www.tiuwari.de\/index.php\/wp-json\/wp\/v2\/pages\/12786\/revisions\/14915"}],"up":[{"embeddable":true,"href":"http:\/\/www.tiuwari.de\/index.php\/wp-json\/wp\/v2\/pages\/12687"}],"wp:attachment":[{"href":"http:\/\/www.tiuwari.de\/index.php\/wp-json\/wp\/v2\/media?parent=12786"}],"curies":[{"name":"wp","href":"https:\/\/api.w.org\/{rel}","templated":true}]}}