{"id":12196,"date":"2017-03-22T16:20:44","date_gmt":"2017-03-22T15:20:44","guid":{"rendered":"http:\/\/www.semnonenbund.de\/?page_id=12196"},"modified":"2017-05-25T15:49:41","modified_gmt":"2017-05-25T14:49:41","slug":"bedeutung-fuer-die-regionale-identitaet","status":"publish","type":"page","link":"http:\/\/www.tiuwari.de\/index.php\/gannahall\/bedeutung-fuer-die-regionale-identitaet\/","title":{"rendered":"Bedeutung f\u00fcr die regionale Identit\u00e4t"},"content":{"rendered":"<h1><strong>Bedeutung f\u00fcr die regionale Identit\u00e4t \u00fcber die Grenzen des Havellandes hinaus<br \/>\n<\/strong><\/h1>\n<p><strong><br \/>\n<\/strong>Insgesamt l\u00e4sst sich \u00fcber die Bedeutung des Projektes \u201eHistorisches Dorf GANNAHALL\u201c und des dar\u00fcber vermittelten geschichtlichen Hintergrundes nur schwer eine Aussage treffen, muss diese doch jeder Havell\u00e4nder f\u00fcr sich selbst beurteilen.<br \/>\nDiejenigen jedoch, die sich mit ihrer Heimat eng verbunden f\u00fchlen, werden \u00fcberw\u00e4ltigt sein von der schieren Menge bedeutender geschichtlicher Zeitr\u00e4ume und Informationen, sowie deren Auswirkungen auf die Geschichte Deutschlands und ganz Europas.<br \/>\nAllein die Urspr\u00fcnge der Semnonen in der s.g. Jastorf-Kultur (ca. 500 vdZ.) datiert die deutsche Geschichte der Mark um 1000 Jahre\u00a0 vor Albrecht den B\u00e4ren und macht die M\u00e4rker zu den \u201eersten Deutschen\u201c \u00fcberhaupt.<\/p>\n","protected":false},"excerpt":{"rendered":"<p>Bedeutung f\u00fcr die regionale Identit\u00e4t \u00fcber die Grenzen des Havellandes hinaus Insgesamt l\u00e4sst sich \u00fcber die Bedeutung des Projektes \u201eHistorisches Dorf GANNAHALL\u201c und des dar\u00fcber vermittelten geschichtlichen Hintergrundes nur schwer eine Aussage treffen, muss diese doch jeder Havell\u00e4nder f\u00fcr sich selbst beurteilen. Diejenigen jedoch, die sich mit ihrer Heimat eng verbunden f\u00fchlen, werden \u00fcberw\u00e4ltigt sein von der schieren Menge bedeutender geschichtlicher Zeitr\u00e4ume und Informationen, sowie deren Auswirkungen auf die Geschichte Deutschlands und ganz Europas. Allein die Urspr\u00fcnge der Semnonen in der s.g. Jastorf-Kultur (ca. 500 vdZ.) datiert die deutsche Geschichte der Mark um 1000 Jahre\u00a0 vor Albrecht den B\u00e4ren und [&hellip;]<\/p>\n","protected":false},"author":1,"featured_media":0,"parent":12082,"menu_order":0,"comment_status":"closed","ping_status":"closed","template":"","meta":[],"_links":{"self":[{"href":"http:\/\/www.tiuwari.de\/index.php\/wp-json\/wp\/v2\/pages\/12196"}],"collection":[{"href":"http:\/\/www.tiuwari.de\/index.php\/wp-json\/wp\/v2\/pages"}],"about":[{"href":"http:\/\/www.tiuwari.de\/index.php\/wp-json\/wp\/v2\/types\/page"}],"author":[{"embeddable":true,"href":"http:\/\/www.tiuwari.de\/index.php\/wp-json\/wp\/v2\/users\/1"}],"replies":[{"embeddable":true,"href":"http:\/\/www.tiuwari.de\/index.php\/wp-json\/wp\/v2\/comments?post=12196"}],"version-history":[{"count":3,"href":"http:\/\/www.tiuwari.de\/index.php\/wp-json\/wp\/v2\/pages\/12196\/revisions"}],"predecessor-version":[{"id":12826,"href":"http:\/\/www.tiuwari.de\/index.php\/wp-json\/wp\/v2\/pages\/12196\/revisions\/12826"}],"up":[{"embeddable":true,"href":"http:\/\/www.tiuwari.de\/index.php\/wp-json\/wp\/v2\/pages\/12082"}],"wp:attachment":[{"href":"http:\/\/www.tiuwari.de\/index.php\/wp-json\/wp\/v2\/media?parent=12196"}],"curies":[{"name":"wp","href":"https:\/\/api.w.org\/{rel}","templated":true}]}}